{"id":7928,"date":"2017-12-14T12:53:27","date_gmt":"2017-12-14T11:53:27","guid":{"rendered":"http:\/\/zivic-elektro.com\/?post_type=product&#038;p=7928"},"modified":"2025-09-04T17:13:34","modified_gmt":"2025-09-04T15:13:34","slug":"uticnica-tv-1m-zavrsna-crna-kombo","status":"publish","type":"product","link":"https:\/\/zivic-elektro.com\/?product=uticnica-tv-1m-zavrsna-crna-kombo","title":{"rendered":"Uti\u010dnica TV 1M zavr\u0161na crna Kombo"},"content":{"rendered":"","protected":false},"excerpt":{"rendered":"<p>Broj artikla: 21.15.090<\/p>\n<p>Ugradnja: Ugradnja u zid u nosa\u010de modula 1M, 2M, 3M, 4M ili 7M<br \/>\nStupanj za\u0161tite: IP20<br \/>\nDimenzije: 22&#215;44 mm<br \/>\nTip priklju\u010dka: vij\u010dani<br \/>\nBoja: crna<br \/>\nPakiranje: 20 kom.<\/p>\n","protected":false},"featured_media":7929,"comment_status":"open","ping_status":"closed","template":"","meta":[],"product_brand":[],"product_cat":[204,189],"product_tag":[],"class_list":{"0":"post-7928","1":"product","2":"type-product","3":"status-publish","4":"has-post-thumbnail","6":"product_cat-modularni-program-kombo-crni","7":"product_cat-modularni-program-kombo","10":"first","11":"instock","12":"taxable","13":"shipping-taxable","14":"purchasable","15":"product-type-simple"},"yoast_head":"<!-- This site is optimized with the Yoast SEO plugin v27.3 - https:\/\/yoast.com\/product\/yoast-seo-wordpress\/ -->\n<title>Uti\u010dnica TV 1M zavr\u0161na crna Kombo - \u017divi\u0107 elektro materijal<\/title>\n<meta name=\"robots\" content=\"index, follow, max-snippet:-1, max-image-preview:large, max-video-preview:-1\" \/>\n<link rel=\"canonical\" href=\"https:\/\/zivic-elektro.com\/?product=uticnica-tv-1m-zavrsna-crna-kombo\" \/>\n<meta property=\"og:locale\" content=\"hr_HR\" \/>\n<meta property=\"og:type\" content=\"article\" \/>\n<meta property=\"og:title\" content=\"Uti\u010dnica TV 1M zavr\u0161na crna Kombo - \u017divi\u0107 elektro materijal\" \/>\n<meta property=\"og:description\" content=\"Broj artikla: 21.15.090  Ugradnja: Ugradnja u zid u nosa\u010de modula 1M, 2M, 3M, 4M ili 7M Stupanj za\u0161tite: IP20 Dimenzije: 22x44 mm Tip priklju\u010dka: vij\u010dani Boja: crna Pakiranje: 20 kom.\" \/>\n<meta property=\"og:url\" content=\"https:\/\/zivic-elektro.com\/?product=uticnica-tv-1m-zavrsna-crna-kombo\" \/>\n<meta property=\"og:site_name\" content=\"\u017divi\u0107 elektro materijal\" \/>\n<meta property=\"article:publisher\" content=\"https:\/\/www.facebook.com\/Zivicelektro\" \/>\n<meta property=\"article:modified_time\" content=\"2025-09-04T15:13:34+00:00\" \/>\n<meta property=\"og:image\" content=\"https:\/\/zivic-elektro.com\/wp-content\/uploads\/2017\/12\/21.15.090.jpg\" \/>\n\t<meta property=\"og:image:width\" content=\"500\" \/>\n\t<meta property=\"og:image:height\" content=\"500\" \/>\n\t<meta property=\"og:image:type\" content=\"image\/jpeg\" \/>\n<meta name=\"twitter:card\" content=\"summary_large_image\" \/>\n<meta name=\"twitter:label1\" content=\"Procijenjeno vrijeme \u010ditanja\" \/>\n\t<meta name=\"twitter:data1\" content=\"1 minuta\" \/>\n<script type=\"application\/ld+json\" class=\"yoast-schema-graph\">{\"@context\":\"https:\\\/\\\/schema.org\",\"@graph\":[{\"@type\":\"WebPage\",\"@id\":\"https:\\\/\\\/zivic-elektro.com\\\/?product=uticnica-tv-1m-zavrsna-crna-kombo\",\"url\":\"https:\\\/\\\/zivic-elektro.com\\\/?product=uticnica-tv-1m-zavrsna-crna-kombo\",\"name\":\"Uti\u010dnica TV 1M zavr\u0161na crna Kombo - \u017divi\u0107 elektro materijal\",\"isPartOf\":{\"@id\":\"https:\\\/\\\/zivic-elektro.com\\\/#website\"},\"primaryImageOfPage\":{\"@id\":\"https:\\\/\\\/zivic-elektro.com\\\/?product=uticnica-tv-1m-zavrsna-crna-kombo#primaryimage\"},\"image\":{\"@id\":\"https:\\\/\\\/zivic-elektro.com\\\/?product=uticnica-tv-1m-zavrsna-crna-kombo#primaryimage\"},\"thumbnailUrl\":\"https:\\\/\\\/zivic-elektro.com\\\/wp-content\\\/uploads\\\/2017\\\/12\\\/21.15.090.jpg\",\"datePublished\":\"2017-12-14T11:53:27+00:00\",\"dateModified\":\"2025-09-04T15:13:34+00:00\",\"breadcrumb\":{\"@id\":\"https:\\\/\\\/zivic-elektro.com\\\/?product=uticnica-tv-1m-zavrsna-crna-kombo#breadcrumb\"},\"inLanguage\":\"hr\",\"potentialAction\":[{\"@type\":\"ReadAction\",\"target\":[\"https:\\\/\\\/zivic-elektro.com\\\/?product=uticnica-tv-1m-zavrsna-crna-kombo\"]}]},{\"@type\":\"ImageObject\",\"inLanguage\":\"hr\",\"@id\":\"https:\\\/\\\/zivic-elektro.com\\\/?product=uticnica-tv-1m-zavrsna-crna-kombo#primaryimage\",\"url\":\"https:\\\/\\\/zivic-elektro.com\\\/wp-content\\\/uploads\\\/2017\\\/12\\\/21.15.090.jpg\",\"contentUrl\":\"https:\\\/\\\/zivic-elektro.com\\\/wp-content\\\/uploads\\\/2017\\\/12\\\/21.15.090.jpg\",\"width\":500,\"height\":500},{\"@type\":\"BreadcrumbList\",\"@id\":\"https:\\\/\\\/zivic-elektro.com\\\/?product=uticnica-tv-1m-zavrsna-crna-kombo#breadcrumb\",\"itemListElement\":[{\"@type\":\"ListItem\",\"position\":1,\"name\":\"Home\",\"item\":\"https:\\\/\\\/zivic-elektro.com\\\/\"},{\"@type\":\"ListItem\",\"position\":2,\"name\":\"Trgovina\",\"item\":\"https:\\\/\\\/zivic-elektro.com\\\/?page_id=7\"},{\"@type\":\"ListItem\",\"position\":3,\"name\":\"Uti\u010dnica TV 1M zavr\u0161na crna Kombo\"}]},{\"@type\":\"WebSite\",\"@id\":\"https:\\\/\\\/zivic-elektro.com\\\/#website\",\"url\":\"https:\\\/\\\/zivic-elektro.com\\\/\",\"name\":\"\u017divi\u0107 elektro materijal\",\"description\":\"\",\"publisher\":{\"@id\":\"https:\\\/\\\/zivic-elektro.com\\\/#organization\"},\"potentialAction\":[{\"@type\":\"SearchAction\",\"target\":{\"@type\":\"EntryPoint\",\"urlTemplate\":\"https:\\\/\\\/zivic-elektro.com\\\/?s={search_term_string}\"},\"query-input\":{\"@type\":\"PropertyValueSpecification\",\"valueRequired\":true,\"valueName\":\"search_term_string\"}}],\"inLanguage\":\"hr\"},{\"@type\":\"Organization\",\"@id\":\"https:\\\/\\\/zivic-elektro.com\\\/#organization\",\"name\":\"\u017divi\u0107 elektro materijal\",\"url\":\"https:\\\/\\\/zivic-elektro.com\\\/\",\"logo\":{\"@type\":\"ImageObject\",\"inLanguage\":\"hr\",\"@id\":\"https:\\\/\\\/zivic-elektro.com\\\/#\\\/schema\\\/logo\\\/image\\\/\",\"url\":\"https:\\\/\\\/zivic-elektro.com\\\/wp-content\\\/uploads\\\/2018\\\/01\\\/Logo.jpg\",\"contentUrl\":\"https:\\\/\\\/zivic-elektro.com\\\/wp-content\\\/uploads\\\/2018\\\/01\\\/Logo.jpg\",\"width\":220,\"height\":83,\"caption\":\"\u017divi\u0107 elektro materijal\"},\"image\":{\"@id\":\"https:\\\/\\\/zivic-elektro.com\\\/#\\\/schema\\\/logo\\\/image\\\/\"},\"sameAs\":[\"https:\\\/\\\/www.facebook.com\\\/Zivicelektro\"]}]}<\/script>\n<!-- \/ Yoast SEO plugin. -->","yoast_head_json":{"title":"Uti\u010dnica TV 1M zavr\u0161na crna Kombo - \u017divi\u0107 elektro materijal","robots":{"index":"index","follow":"follow","max-snippet":"max-snippet:-1","max-image-preview":"max-image-preview:large","max-video-preview":"max-video-preview:-1"},"canonical":"https:\/\/zivic-elektro.com\/?product=uticnica-tv-1m-zavrsna-crna-kombo","og_locale":"hr_HR","og_type":"article","og_title":"Uti\u010dnica TV 1M zavr\u0161na crna Kombo - \u017divi\u0107 elektro materijal","og_description":"Broj artikla: 21.15.090  Ugradnja: Ugradnja u zid u nosa\u010de modula 1M, 2M, 3M, 4M ili 7M Stupanj za\u0161tite: IP20 Dimenzije: 22x44 mm Tip priklju\u010dka: vij\u010dani Boja: crna Pakiranje: 20 kom.","og_url":"https:\/\/zivic-elektro.com\/?product=uticnica-tv-1m-zavrsna-crna-kombo","og_site_name":"\u017divi\u0107 elektro materijal","article_publisher":"https:\/\/www.facebook.com\/Zivicelektro","article_modified_time":"2025-09-04T15:13:34+00:00","og_image":[{"width":500,"height":500,"url":"https:\/\/zivic-elektro.com\/wp-content\/uploads\/2017\/12\/21.15.090.jpg","type":"image\/jpeg"}],"twitter_card":"summary_large_image","twitter_misc":{"Procijenjeno vrijeme \u010ditanja":"1 minuta"},"schema":{"@context":"https:\/\/schema.org","@graph":[{"@type":"WebPage","@id":"https:\/\/zivic-elektro.com\/?product=uticnica-tv-1m-zavrsna-crna-kombo","url":"https:\/\/zivic-elektro.com\/?product=uticnica-tv-1m-zavrsna-crna-kombo","name":"Uti\u010dnica TV 1M zavr\u0161na crna Kombo - \u017divi\u0107 elektro materijal","isPartOf":{"@id":"https:\/\/zivic-elektro.com\/#website"},"primaryImageOfPage":{"@id":"https:\/\/zivic-elektro.com\/?product=uticnica-tv-1m-zavrsna-crna-kombo#primaryimage"},"image":{"@id":"https:\/\/zivic-elektro.com\/?product=uticnica-tv-1m-zavrsna-crna-kombo#primaryimage"},"thumbnailUrl":"https:\/\/zivic-elektro.com\/wp-content\/uploads\/2017\/12\/21.15.090.jpg","datePublished":"2017-12-14T11:53:27+00:00","dateModified":"2025-09-04T15:13:34+00:00","breadcrumb":{"@id":"https:\/\/zivic-elektro.com\/?product=uticnica-tv-1m-zavrsna-crna-kombo#breadcrumb"},"inLanguage":"hr","potentialAction":[{"@type":"ReadAction","target":["https:\/\/zivic-elektro.com\/?product=uticnica-tv-1m-zavrsna-crna-kombo"]}]},{"@type":"ImageObject","inLanguage":"hr","@id":"https:\/\/zivic-elektro.com\/?product=uticnica-tv-1m-zavrsna-crna-kombo#primaryimage","url":"https:\/\/zivic-elektro.com\/wp-content\/uploads\/2017\/12\/21.15.090.jpg","contentUrl":"https:\/\/zivic-elektro.com\/wp-content\/uploads\/2017\/12\/21.15.090.jpg","width":500,"height":500},{"@type":"BreadcrumbList","@id":"https:\/\/zivic-elektro.com\/?product=uticnica-tv-1m-zavrsna-crna-kombo#breadcrumb","itemListElement":[{"@type":"ListItem","position":1,"name":"Home","item":"https:\/\/zivic-elektro.com\/"},{"@type":"ListItem","position":2,"name":"Trgovina","item":"https:\/\/zivic-elektro.com\/?page_id=7"},{"@type":"ListItem","position":3,"name":"Uti\u010dnica TV 1M zavr\u0161na crna Kombo"}]},{"@type":"WebSite","@id":"https:\/\/zivic-elektro.com\/#website","url":"https:\/\/zivic-elektro.com\/","name":"\u017divi\u0107 elektro materijal","description":"","publisher":{"@id":"https:\/\/zivic-elektro.com\/#organization"},"potentialAction":[{"@type":"SearchAction","target":{"@type":"EntryPoint","urlTemplate":"https:\/\/zivic-elektro.com\/?s={search_term_string}"},"query-input":{"@type":"PropertyValueSpecification","valueRequired":true,"valueName":"search_term_string"}}],"inLanguage":"hr"},{"@type":"Organization","@id":"https:\/\/zivic-elektro.com\/#organization","name":"\u017divi\u0107 elektro materijal","url":"https:\/\/zivic-elektro.com\/","logo":{"@type":"ImageObject","inLanguage":"hr","@id":"https:\/\/zivic-elektro.com\/#\/schema\/logo\/image\/","url":"https:\/\/zivic-elektro.com\/wp-content\/uploads\/2018\/01\/Logo.jpg","contentUrl":"https:\/\/zivic-elektro.com\/wp-content\/uploads\/2018\/01\/Logo.jpg","width":220,"height":83,"caption":"\u017divi\u0107 elektro materijal"},"image":{"@id":"https:\/\/zivic-elektro.com\/#\/schema\/logo\/image\/"},"sameAs":["https:\/\/www.facebook.com\/Zivicelektro"]}]}},"_links":{"self":[{"href":"https:\/\/zivic-elektro.com\/index.php?rest_route=\/wp\/v2\/product\/7928","targetHints":{"allow":["GET"]}}],"collection":[{"href":"https:\/\/zivic-elektro.com\/index.php?rest_route=\/wp\/v2\/product"}],"about":[{"href":"https:\/\/zivic-elektro.com\/index.php?rest_route=\/wp\/v2\/types\/product"}],"replies":[{"embeddable":true,"href":"https:\/\/zivic-elektro.com\/index.php?rest_route=%2Fwp%2Fv2%2Fcomments&post=7928"}],"wp:featuredmedia":[{"embeddable":true,"href":"https:\/\/zivic-elektro.com\/index.php?rest_route=\/wp\/v2\/media\/7929"}],"wp:attachment":[{"href":"https:\/\/zivic-elektro.com\/index.php?rest_route=%2Fwp%2Fv2%2Fmedia&parent=7928"}],"wp:term":[{"taxonomy":"product_brand","embeddable":true,"href":"https:\/\/zivic-elektro.com\/index.php?rest_route=%2Fwp%2Fv2%2Fproduct_brand&post=7928"},{"taxonomy":"product_cat","embeddable":true,"href":"https:\/\/zivic-elektro.com\/index.php?rest_route=%2Fwp%2Fv2%2Fproduct_cat&post=7928"},{"taxonomy":"product_tag","embeddable":true,"href":"https:\/\/zivic-elektro.com\/index.php?rest_route=%2Fwp%2Fv2%2Fproduct_tag&post=7928"}],"curies":[{"name":"wp","href":"https:\/\/api.w.org\/{rel}","templated":true}]}}