{"id":7426,"date":"2017-12-12T10:30:18","date_gmt":"2017-12-12T09:30:18","guid":{"rendered":"http:\/\/zivic-elektro.com\/?post_type=product&#038;p=7426"},"modified":"2025-09-01T18:06:41","modified_gmt":"2025-09-01T16:06:41","slug":"uklopni-okvir-trofazne-uticnice-narandzasti-status","status":"publish","type":"product","link":"https:\/\/zivic-elektro.com\/?product=uklopni-okvir-trofazne-uticnice-narandzasti-status","title":{"rendered":"Uklopni okvir trofazne uti\u010dnice narand\u017easti Status"},"content":{"rendered":"","protected":false},"excerpt":{"rendered":"<p>Broj artikla: 14.04.359<\/p>\n<p><span style=\"color: #0000ff;\"><strong>Cijena u EUR: 0.42 \u20ac<\/strong><\/span><\/p>\n<p>Ugradnja: Koristiti za monta\u017eu na mehanizme sa ukrasnim okvirom ugra\u0111ene u zid u monta\u017enu kutiju O78 mm<br \/>\nDimenzije: 76&#215;56,8 mm<br \/>\nBoja: narand\u017easta<br \/>\nMaterijal: Izradjuju se od plastike (ABS)<br \/>\nPakiranje: 240\/5 kom.<\/p>\n","protected":false},"featured_media":0,"comment_status":"open","ping_status":"closed","template":"","meta":[],"product_brand":[],"product_cat":[157,158],"product_tag":[],"class_list":{"0":"post-7426","1":"product","2":"type-product","3":"status-publish","5":"product_cat-podzbukni-program","6":"product_cat-podzbukne-program-status","8":"first","9":"instock","10":"taxable","11":"shipping-taxable","12":"purchasable","13":"product-type-simple"},"yoast_head":"<!-- This site is optimized with the Yoast SEO plugin v27.4 - https:\/\/yoast.com\/product\/yoast-seo-wordpress\/ -->\n<title>Uklopni okvir trofazne uti\u010dnice narand\u017easti Status - \u017divi\u0107 elektro materijal<\/title>\n<meta name=\"robots\" content=\"index, follow, max-snippet:-1, max-image-preview:large, max-video-preview:-1\" \/>\n<link rel=\"canonical\" href=\"https:\/\/zivic-elektro.com\/?product=uklopni-okvir-trofazne-uticnice-narandzasti-status\" \/>\n<meta property=\"og:locale\" content=\"hr_HR\" \/>\n<meta property=\"og:type\" content=\"article\" \/>\n<meta property=\"og:title\" content=\"Uklopni okvir trofazne uti\u010dnice narand\u017easti Status - \u017divi\u0107 elektro materijal\" \/>\n<meta property=\"og:description\" content=\"Broj artikla: 14.04.359  Cijena u EUR: 0.42 \u20ac  Ugradnja: Koristiti za monta\u017eu na mehanizme sa ukrasnim okvirom ugra\u0111ene u zid u monta\u017enu kutiju O78 mm Dimenzije: 76x56,8 mm Boja: narand\u017easta Materijal: Izradjuju se od plastike (ABS) Pakiranje: 240\/5 kom.\" \/>\n<meta property=\"og:url\" content=\"https:\/\/zivic-elektro.com\/?product=uklopni-okvir-trofazne-uticnice-narandzasti-status\" \/>\n<meta property=\"og:site_name\" content=\"\u017divi\u0107 elektro materijal\" \/>\n<meta property=\"article:publisher\" content=\"https:\/\/www.facebook.com\/Zivicelektro\" \/>\n<meta property=\"article:modified_time\" content=\"2025-09-01T16:06:41+00:00\" \/>\n<meta name=\"twitter:card\" content=\"summary_large_image\" \/>\n<script type=\"application\/ld+json\" class=\"yoast-schema-graph\">{\"@context\":\"https:\\\/\\\/schema.org\",\"@graph\":[{\"@type\":\"WebPage\",\"@id\":\"https:\\\/\\\/zivic-elektro.com\\\/?product=uklopni-okvir-trofazne-uticnice-narandzasti-status\",\"url\":\"https:\\\/\\\/zivic-elektro.com\\\/?product=uklopni-okvir-trofazne-uticnice-narandzasti-status\",\"name\":\"Uklopni okvir trofazne uti\u010dnice narand\u017easti Status - \u017divi\u0107 elektro materijal\",\"isPartOf\":{\"@id\":\"https:\\\/\\\/zivic-elektro.com\\\/#website\"},\"datePublished\":\"2017-12-12T09:30:18+00:00\",\"dateModified\":\"2025-09-01T16:06:41+00:00\",\"breadcrumb\":{\"@id\":\"https:\\\/\\\/zivic-elektro.com\\\/?product=uklopni-okvir-trofazne-uticnice-narandzasti-status#breadcrumb\"},\"inLanguage\":\"hr\",\"potentialAction\":[{\"@type\":\"ReadAction\",\"target\":[\"https:\\\/\\\/zivic-elektro.com\\\/?product=uklopni-okvir-trofazne-uticnice-narandzasti-status\"]}]},{\"@type\":\"BreadcrumbList\",\"@id\":\"https:\\\/\\\/zivic-elektro.com\\\/?product=uklopni-okvir-trofazne-uticnice-narandzasti-status#breadcrumb\",\"itemListElement\":[{\"@type\":\"ListItem\",\"position\":1,\"name\":\"Home\",\"item\":\"https:\\\/\\\/zivic-elektro.com\\\/\"},{\"@type\":\"ListItem\",\"position\":2,\"name\":\"Trgovina\",\"item\":\"https:\\\/\\\/zivic-elektro.com\\\/?page_id=7\"},{\"@type\":\"ListItem\",\"position\":3,\"name\":\"Uklopni okvir trofazne uti\u010dnice narand\u017easti Status\"}]},{\"@type\":\"WebSite\",\"@id\":\"https:\\\/\\\/zivic-elektro.com\\\/#website\",\"url\":\"https:\\\/\\\/zivic-elektro.com\\\/\",\"name\":\"\u017divi\u0107 elektro materijal\",\"description\":\"\",\"publisher\":{\"@id\":\"https:\\\/\\\/zivic-elektro.com\\\/#organization\"},\"potentialAction\":[{\"@type\":\"SearchAction\",\"target\":{\"@type\":\"EntryPoint\",\"urlTemplate\":\"https:\\\/\\\/zivic-elektro.com\\\/?s={search_term_string}\"},\"query-input\":{\"@type\":\"PropertyValueSpecification\",\"valueRequired\":true,\"valueName\":\"search_term_string\"}}],\"inLanguage\":\"hr\"},{\"@type\":\"Organization\",\"@id\":\"https:\\\/\\\/zivic-elektro.com\\\/#organization\",\"name\":\"\u017divi\u0107 elektro materijal\",\"url\":\"https:\\\/\\\/zivic-elektro.com\\\/\",\"logo\":{\"@type\":\"ImageObject\",\"inLanguage\":\"hr\",\"@id\":\"https:\\\/\\\/zivic-elektro.com\\\/#\\\/schema\\\/logo\\\/image\\\/\",\"url\":\"https:\\\/\\\/zivic-elektro.com\\\/wp-content\\\/uploads\\\/2018\\\/01\\\/Logo.jpg\",\"contentUrl\":\"https:\\\/\\\/zivic-elektro.com\\\/wp-content\\\/uploads\\\/2018\\\/01\\\/Logo.jpg\",\"width\":220,\"height\":83,\"caption\":\"\u017divi\u0107 elektro materijal\"},\"image\":{\"@id\":\"https:\\\/\\\/zivic-elektro.com\\\/#\\\/schema\\\/logo\\\/image\\\/\"},\"sameAs\":[\"https:\\\/\\\/www.facebook.com\\\/Zivicelektro\"]}]}<\/script>\n<!-- \/ Yoast SEO plugin. -->","yoast_head_json":{"title":"Uklopni okvir trofazne uti\u010dnice narand\u017easti Status - \u017divi\u0107 elektro materijal","robots":{"index":"index","follow":"follow","max-snippet":"max-snippet:-1","max-image-preview":"max-image-preview:large","max-video-preview":"max-video-preview:-1"},"canonical":"https:\/\/zivic-elektro.com\/?product=uklopni-okvir-trofazne-uticnice-narandzasti-status","og_locale":"hr_HR","og_type":"article","og_title":"Uklopni okvir trofazne uti\u010dnice narand\u017easti Status - \u017divi\u0107 elektro materijal","og_description":"Broj artikla: 14.04.359  Cijena u EUR: 0.42 \u20ac  Ugradnja: Koristiti za monta\u017eu na mehanizme sa ukrasnim okvirom ugra\u0111ene u zid u monta\u017enu kutiju O78 mm Dimenzije: 76x56,8 mm Boja: narand\u017easta Materijal: Izradjuju se od plastike (ABS) Pakiranje: 240\/5 kom.","og_url":"https:\/\/zivic-elektro.com\/?product=uklopni-okvir-trofazne-uticnice-narandzasti-status","og_site_name":"\u017divi\u0107 elektro materijal","article_publisher":"https:\/\/www.facebook.com\/Zivicelektro","article_modified_time":"2025-09-01T16:06:41+00:00","twitter_card":"summary_large_image","schema":{"@context":"https:\/\/schema.org","@graph":[{"@type":"WebPage","@id":"https:\/\/zivic-elektro.com\/?product=uklopni-okvir-trofazne-uticnice-narandzasti-status","url":"https:\/\/zivic-elektro.com\/?product=uklopni-okvir-trofazne-uticnice-narandzasti-status","name":"Uklopni okvir trofazne uti\u010dnice narand\u017easti Status - \u017divi\u0107 elektro materijal","isPartOf":{"@id":"https:\/\/zivic-elektro.com\/#website"},"datePublished":"2017-12-12T09:30:18+00:00","dateModified":"2025-09-01T16:06:41+00:00","breadcrumb":{"@id":"https:\/\/zivic-elektro.com\/?product=uklopni-okvir-trofazne-uticnice-narandzasti-status#breadcrumb"},"inLanguage":"hr","potentialAction":[{"@type":"ReadAction","target":["https:\/\/zivic-elektro.com\/?product=uklopni-okvir-trofazne-uticnice-narandzasti-status"]}]},{"@type":"BreadcrumbList","@id":"https:\/\/zivic-elektro.com\/?product=uklopni-okvir-trofazne-uticnice-narandzasti-status#breadcrumb","itemListElement":[{"@type":"ListItem","position":1,"name":"Home","item":"https:\/\/zivic-elektro.com\/"},{"@type":"ListItem","position":2,"name":"Trgovina","item":"https:\/\/zivic-elektro.com\/?page_id=7"},{"@type":"ListItem","position":3,"name":"Uklopni okvir trofazne uti\u010dnice narand\u017easti Status"}]},{"@type":"WebSite","@id":"https:\/\/zivic-elektro.com\/#website","url":"https:\/\/zivic-elektro.com\/","name":"\u017divi\u0107 elektro materijal","description":"","publisher":{"@id":"https:\/\/zivic-elektro.com\/#organization"},"potentialAction":[{"@type":"SearchAction","target":{"@type":"EntryPoint","urlTemplate":"https:\/\/zivic-elektro.com\/?s={search_term_string}"},"query-input":{"@type":"PropertyValueSpecification","valueRequired":true,"valueName":"search_term_string"}}],"inLanguage":"hr"},{"@type":"Organization","@id":"https:\/\/zivic-elektro.com\/#organization","name":"\u017divi\u0107 elektro materijal","url":"https:\/\/zivic-elektro.com\/","logo":{"@type":"ImageObject","inLanguage":"hr","@id":"https:\/\/zivic-elektro.com\/#\/schema\/logo\/image\/","url":"https:\/\/zivic-elektro.com\/wp-content\/uploads\/2018\/01\/Logo.jpg","contentUrl":"https:\/\/zivic-elektro.com\/wp-content\/uploads\/2018\/01\/Logo.jpg","width":220,"height":83,"caption":"\u017divi\u0107 elektro materijal"},"image":{"@id":"https:\/\/zivic-elektro.com\/#\/schema\/logo\/image\/"},"sameAs":["https:\/\/www.facebook.com\/Zivicelektro"]}]}},"_links":{"self":[{"href":"https:\/\/zivic-elektro.com\/index.php?rest_route=\/wp\/v2\/product\/7426","targetHints":{"allow":["GET"]}}],"collection":[{"href":"https:\/\/zivic-elektro.com\/index.php?rest_route=\/wp\/v2\/product"}],"about":[{"href":"https:\/\/zivic-elektro.com\/index.php?rest_route=\/wp\/v2\/types\/product"}],"replies":[{"embeddable":true,"href":"https:\/\/zivic-elektro.com\/index.php?rest_route=%2Fwp%2Fv2%2Fcomments&post=7426"}],"wp:attachment":[{"href":"https:\/\/zivic-elektro.com\/index.php?rest_route=%2Fwp%2Fv2%2Fmedia&parent=7426"}],"wp:term":[{"taxonomy":"product_brand","embeddable":true,"href":"https:\/\/zivic-elektro.com\/index.php?rest_route=%2Fwp%2Fv2%2Fproduct_brand&post=7426"},{"taxonomy":"product_cat","embeddable":true,"href":"https:\/\/zivic-elektro.com\/index.php?rest_route=%2Fwp%2Fv2%2Fproduct_cat&post=7426"},{"taxonomy":"product_tag","embeddable":true,"href":"https:\/\/zivic-elektro.com\/index.php?rest_route=%2Fwp%2Fv2%2Fproduct_tag&post=7426"}],"curies":[{"name":"wp","href":"https:\/\/api.w.org\/{rel}","templated":true}]}}