{"id":7195,"date":"2017-11-23T10:54:15","date_gmt":"2017-11-23T09:54:15","guid":{"rendered":"http:\/\/zivic-elektro.com\/?post_type=product&#038;p=7195"},"modified":"2025-05-14T17:39:29","modified_gmt":"2025-05-14T15:39:29","slug":"produzni-kabel-5u-15m-za-racunalo","status":"publish","type":"product","link":"https:\/\/zivic-elektro.com\/?product=produzni-kabel-5u-15m-za-racunalo","title":{"rendered":"Produ\u017eni kabel 5U 1,5m za ra\u010dunalo"},"content":{"rendered":"","protected":false},"excerpt":{"rendered":"<p>Produ\u017eni kabel 5U 1,5m za ra\u010dunalo<\/p>\n<p><strong>Namjena:<\/strong>\u00a0<em>ova gama prijenosnih uti\u010dnica sa za\u0161titom sadr\u017ei za\u0161titu energetskog napajanja ure\u0111aja. U energetskom dijelu za\u0161titom je pokrivena samo faza. Da bi produ\u017eni kabel mogao funkcionirati potrebno je uklju\u010diti ga u uti\u010dnicu sa uzemljenjem.\u00a0<\/em><\/p>\n<p>Kabel: PP\/J 3&#215;1,5 mm2<\/p>\n<p>Maksimalna struja potro\u0161a\u010da: 10A\/250V 2000W<\/p>\n<p>Pakiranje: 1 kom<\/p>\n","protected":false},"featured_media":7196,"comment_status":"open","ping_status":"closed","template":"","meta":[],"product_brand":[],"product_cat":[186],"product_tag":[],"class_list":{"0":"post-7195","1":"product","2":"type-product","3":"status-publish","4":"has-post-thumbnail","6":"product_cat-produzni-i-prikljucni-kabeli","9":"first","10":"instock","11":"taxable","12":"shipping-taxable","13":"purchasable","14":"product-type-simple"},"yoast_head":"<!-- This site is optimized with the Yoast SEO plugin v27.4 - https:\/\/yoast.com\/product\/yoast-seo-wordpress\/ -->\n<title>Produ\u017eni kabel 5U 1,5m za ra\u010dunalo - \u017divi\u0107 elektro materijal<\/title>\n<meta name=\"robots\" content=\"index, follow, max-snippet:-1, max-image-preview:large, max-video-preview:-1\" \/>\n<link rel=\"canonical\" href=\"https:\/\/zivic-elektro.com\/?product=produzni-kabel-5u-15m-za-racunalo\" \/>\n<meta property=\"og:locale\" content=\"hr_HR\" \/>\n<meta property=\"og:type\" content=\"article\" \/>\n<meta property=\"og:title\" content=\"Produ\u017eni kabel 5U 1,5m za ra\u010dunalo - \u017divi\u0107 elektro materijal\" \/>\n<meta property=\"og:description\" content=\"Produ\u017eni kabel 5U 1,5m za ra\u010dunalo  Namjena:\u00a0ova gama prijenosnih uti\u010dnica sa za\u0161titom sadr\u017ei za\u0161titu energetskog napajanja ure\u0111aja. U energetskom dijelu za\u0161titom je pokrivena samo faza. Da bi produ\u017eni kabel mogao funkcionirati potrebno je uklju\u010diti ga u uti\u010dnicu sa uzemljenjem.\u00a0  Kabel: PP\/J 3x1,5 mm2  Maksimalna struja potro\u0161a\u010da: 10A\/250V 2000W  Pakiranje: 1 kom\" \/>\n<meta property=\"og:url\" content=\"https:\/\/zivic-elektro.com\/?product=produzni-kabel-5u-15m-za-racunalo\" \/>\n<meta property=\"og:site_name\" content=\"\u017divi\u0107 elektro materijal\" \/>\n<meta property=\"article:publisher\" content=\"https:\/\/www.facebook.com\/Zivicelektro\" \/>\n<meta property=\"article:modified_time\" content=\"2025-05-14T15:39:29+00:00\" \/>\n<meta property=\"og:image\" content=\"https:\/\/zivic-elektro.com\/wp-content\/uploads\/2017\/11\/multiprotector_deo.jpg\" \/>\n\t<meta property=\"og:image:width\" content=\"756\" \/>\n\t<meta property=\"og:image:height\" content=\"543\" \/>\n\t<meta property=\"og:image:type\" content=\"image\/jpeg\" \/>\n<meta name=\"twitter:card\" content=\"summary_large_image\" \/>\n<meta name=\"twitter:label1\" content=\"Procijenjeno vrijeme \u010ditanja\" \/>\n\t<meta name=\"twitter:data1\" content=\"1 minuta\" \/>\n<script type=\"application\/ld+json\" class=\"yoast-schema-graph\">{\"@context\":\"https:\\\/\\\/schema.org\",\"@graph\":[{\"@type\":\"WebPage\",\"@id\":\"https:\\\/\\\/zivic-elektro.com\\\/?product=produzni-kabel-5u-15m-za-racunalo\",\"url\":\"https:\\\/\\\/zivic-elektro.com\\\/?product=produzni-kabel-5u-15m-za-racunalo\",\"name\":\"Produ\u017eni kabel 5U 1,5m za ra\u010dunalo - \u017divi\u0107 elektro materijal\",\"isPartOf\":{\"@id\":\"https:\\\/\\\/zivic-elektro.com\\\/#website\"},\"primaryImageOfPage\":{\"@id\":\"https:\\\/\\\/zivic-elektro.com\\\/?product=produzni-kabel-5u-15m-za-racunalo#primaryimage\"},\"image\":{\"@id\":\"https:\\\/\\\/zivic-elektro.com\\\/?product=produzni-kabel-5u-15m-za-racunalo#primaryimage\"},\"thumbnailUrl\":\"https:\\\/\\\/zivic-elektro.com\\\/wp-content\\\/uploads\\\/2017\\\/11\\\/multiprotector_deo.jpg\",\"datePublished\":\"2017-11-23T09:54:15+00:00\",\"dateModified\":\"2025-05-14T15:39:29+00:00\",\"breadcrumb\":{\"@id\":\"https:\\\/\\\/zivic-elektro.com\\\/?product=produzni-kabel-5u-15m-za-racunalo#breadcrumb\"},\"inLanguage\":\"hr\",\"potentialAction\":[{\"@type\":\"ReadAction\",\"target\":[\"https:\\\/\\\/zivic-elektro.com\\\/?product=produzni-kabel-5u-15m-za-racunalo\"]}]},{\"@type\":\"ImageObject\",\"inLanguage\":\"hr\",\"@id\":\"https:\\\/\\\/zivic-elektro.com\\\/?product=produzni-kabel-5u-15m-za-racunalo#primaryimage\",\"url\":\"https:\\\/\\\/zivic-elektro.com\\\/wp-content\\\/uploads\\\/2017\\\/11\\\/multiprotector_deo.jpg\",\"contentUrl\":\"https:\\\/\\\/zivic-elektro.com\\\/wp-content\\\/uploads\\\/2017\\\/11\\\/multiprotector_deo.jpg\",\"width\":756,\"height\":543},{\"@type\":\"BreadcrumbList\",\"@id\":\"https:\\\/\\\/zivic-elektro.com\\\/?product=produzni-kabel-5u-15m-za-racunalo#breadcrumb\",\"itemListElement\":[{\"@type\":\"ListItem\",\"position\":1,\"name\":\"Home\",\"item\":\"https:\\\/\\\/zivic-elektro.com\\\/\"},{\"@type\":\"ListItem\",\"position\":2,\"name\":\"Trgovina\",\"item\":\"https:\\\/\\\/zivic-elektro.com\\\/?page_id=7\"},{\"@type\":\"ListItem\",\"position\":3,\"name\":\"Produ\u017eni kabel 5U 1,5m za ra\u010dunalo\"}]},{\"@type\":\"WebSite\",\"@id\":\"https:\\\/\\\/zivic-elektro.com\\\/#website\",\"url\":\"https:\\\/\\\/zivic-elektro.com\\\/\",\"name\":\"\u017divi\u0107 elektro materijal\",\"description\":\"\",\"publisher\":{\"@id\":\"https:\\\/\\\/zivic-elektro.com\\\/#organization\"},\"potentialAction\":[{\"@type\":\"SearchAction\",\"target\":{\"@type\":\"EntryPoint\",\"urlTemplate\":\"https:\\\/\\\/zivic-elektro.com\\\/?s={search_term_string}\"},\"query-input\":{\"@type\":\"PropertyValueSpecification\",\"valueRequired\":true,\"valueName\":\"search_term_string\"}}],\"inLanguage\":\"hr\"},{\"@type\":\"Organization\",\"@id\":\"https:\\\/\\\/zivic-elektro.com\\\/#organization\",\"name\":\"\u017divi\u0107 elektro materijal\",\"url\":\"https:\\\/\\\/zivic-elektro.com\\\/\",\"logo\":{\"@type\":\"ImageObject\",\"inLanguage\":\"hr\",\"@id\":\"https:\\\/\\\/zivic-elektro.com\\\/#\\\/schema\\\/logo\\\/image\\\/\",\"url\":\"https:\\\/\\\/zivic-elektro.com\\\/wp-content\\\/uploads\\\/2018\\\/01\\\/Logo.jpg\",\"contentUrl\":\"https:\\\/\\\/zivic-elektro.com\\\/wp-content\\\/uploads\\\/2018\\\/01\\\/Logo.jpg\",\"width\":220,\"height\":83,\"caption\":\"\u017divi\u0107 elektro materijal\"},\"image\":{\"@id\":\"https:\\\/\\\/zivic-elektro.com\\\/#\\\/schema\\\/logo\\\/image\\\/\"},\"sameAs\":[\"https:\\\/\\\/www.facebook.com\\\/Zivicelektro\"]}]}<\/script>\n<!-- \/ Yoast SEO plugin. -->","yoast_head_json":{"title":"Produ\u017eni kabel 5U 1,5m za ra\u010dunalo - \u017divi\u0107 elektro materijal","robots":{"index":"index","follow":"follow","max-snippet":"max-snippet:-1","max-image-preview":"max-image-preview:large","max-video-preview":"max-video-preview:-1"},"canonical":"https:\/\/zivic-elektro.com\/?product=produzni-kabel-5u-15m-za-racunalo","og_locale":"hr_HR","og_type":"article","og_title":"Produ\u017eni kabel 5U 1,5m za ra\u010dunalo - \u017divi\u0107 elektro materijal","og_description":"Produ\u017eni kabel 5U 1,5m za ra\u010dunalo  Namjena:\u00a0ova gama prijenosnih uti\u010dnica sa za\u0161titom sadr\u017ei za\u0161titu energetskog napajanja ure\u0111aja. U energetskom dijelu za\u0161titom je pokrivena samo faza. Da bi produ\u017eni kabel mogao funkcionirati potrebno je uklju\u010diti ga u uti\u010dnicu sa uzemljenjem.\u00a0  Kabel: PP\/J 3x1,5 mm2  Maksimalna struja potro\u0161a\u010da: 10A\/250V 2000W  Pakiranje: 1 kom","og_url":"https:\/\/zivic-elektro.com\/?product=produzni-kabel-5u-15m-za-racunalo","og_site_name":"\u017divi\u0107 elektro materijal","article_publisher":"https:\/\/www.facebook.com\/Zivicelektro","article_modified_time":"2025-05-14T15:39:29+00:00","og_image":[{"width":756,"height":543,"url":"https:\/\/zivic-elektro.com\/wp-content\/uploads\/2017\/11\/multiprotector_deo.jpg","type":"image\/jpeg"}],"twitter_card":"summary_large_image","twitter_misc":{"Procijenjeno vrijeme \u010ditanja":"1 minuta"},"schema":{"@context":"https:\/\/schema.org","@graph":[{"@type":"WebPage","@id":"https:\/\/zivic-elektro.com\/?product=produzni-kabel-5u-15m-za-racunalo","url":"https:\/\/zivic-elektro.com\/?product=produzni-kabel-5u-15m-za-racunalo","name":"Produ\u017eni kabel 5U 1,5m za ra\u010dunalo - \u017divi\u0107 elektro materijal","isPartOf":{"@id":"https:\/\/zivic-elektro.com\/#website"},"primaryImageOfPage":{"@id":"https:\/\/zivic-elektro.com\/?product=produzni-kabel-5u-15m-za-racunalo#primaryimage"},"image":{"@id":"https:\/\/zivic-elektro.com\/?product=produzni-kabel-5u-15m-za-racunalo#primaryimage"},"thumbnailUrl":"https:\/\/zivic-elektro.com\/wp-content\/uploads\/2017\/11\/multiprotector_deo.jpg","datePublished":"2017-11-23T09:54:15+00:00","dateModified":"2025-05-14T15:39:29+00:00","breadcrumb":{"@id":"https:\/\/zivic-elektro.com\/?product=produzni-kabel-5u-15m-za-racunalo#breadcrumb"},"inLanguage":"hr","potentialAction":[{"@type":"ReadAction","target":["https:\/\/zivic-elektro.com\/?product=produzni-kabel-5u-15m-za-racunalo"]}]},{"@type":"ImageObject","inLanguage":"hr","@id":"https:\/\/zivic-elektro.com\/?product=produzni-kabel-5u-15m-za-racunalo#primaryimage","url":"https:\/\/zivic-elektro.com\/wp-content\/uploads\/2017\/11\/multiprotector_deo.jpg","contentUrl":"https:\/\/zivic-elektro.com\/wp-content\/uploads\/2017\/11\/multiprotector_deo.jpg","width":756,"height":543},{"@type":"BreadcrumbList","@id":"https:\/\/zivic-elektro.com\/?product=produzni-kabel-5u-15m-za-racunalo#breadcrumb","itemListElement":[{"@type":"ListItem","position":1,"name":"Home","item":"https:\/\/zivic-elektro.com\/"},{"@type":"ListItem","position":2,"name":"Trgovina","item":"https:\/\/zivic-elektro.com\/?page_id=7"},{"@type":"ListItem","position":3,"name":"Produ\u017eni kabel 5U 1,5m za ra\u010dunalo"}]},{"@type":"WebSite","@id":"https:\/\/zivic-elektro.com\/#website","url":"https:\/\/zivic-elektro.com\/","name":"\u017divi\u0107 elektro materijal","description":"","publisher":{"@id":"https:\/\/zivic-elektro.com\/#organization"},"potentialAction":[{"@type":"SearchAction","target":{"@type":"EntryPoint","urlTemplate":"https:\/\/zivic-elektro.com\/?s={search_term_string}"},"query-input":{"@type":"PropertyValueSpecification","valueRequired":true,"valueName":"search_term_string"}}],"inLanguage":"hr"},{"@type":"Organization","@id":"https:\/\/zivic-elektro.com\/#organization","name":"\u017divi\u0107 elektro materijal","url":"https:\/\/zivic-elektro.com\/","logo":{"@type":"ImageObject","inLanguage":"hr","@id":"https:\/\/zivic-elektro.com\/#\/schema\/logo\/image\/","url":"https:\/\/zivic-elektro.com\/wp-content\/uploads\/2018\/01\/Logo.jpg","contentUrl":"https:\/\/zivic-elektro.com\/wp-content\/uploads\/2018\/01\/Logo.jpg","width":220,"height":83,"caption":"\u017divi\u0107 elektro materijal"},"image":{"@id":"https:\/\/zivic-elektro.com\/#\/schema\/logo\/image\/"},"sameAs":["https:\/\/www.facebook.com\/Zivicelektro"]}]}},"_links":{"self":[{"href":"https:\/\/zivic-elektro.com\/index.php?rest_route=\/wp\/v2\/product\/7195","targetHints":{"allow":["GET"]}}],"collection":[{"href":"https:\/\/zivic-elektro.com\/index.php?rest_route=\/wp\/v2\/product"}],"about":[{"href":"https:\/\/zivic-elektro.com\/index.php?rest_route=\/wp\/v2\/types\/product"}],"replies":[{"embeddable":true,"href":"https:\/\/zivic-elektro.com\/index.php?rest_route=%2Fwp%2Fv2%2Fcomments&post=7195"}],"wp:featuredmedia":[{"embeddable":true,"href":"https:\/\/zivic-elektro.com\/index.php?rest_route=\/wp\/v2\/media\/7196"}],"wp:attachment":[{"href":"https:\/\/zivic-elektro.com\/index.php?rest_route=%2Fwp%2Fv2%2Fmedia&parent=7195"}],"wp:term":[{"taxonomy":"product_brand","embeddable":true,"href":"https:\/\/zivic-elektro.com\/index.php?rest_route=%2Fwp%2Fv2%2Fproduct_brand&post=7195"},{"taxonomy":"product_cat","embeddable":true,"href":"https:\/\/zivic-elektro.com\/index.php?rest_route=%2Fwp%2Fv2%2Fproduct_cat&post=7195"},{"taxonomy":"product_tag","embeddable":true,"href":"https:\/\/zivic-elektro.com\/index.php?rest_route=%2Fwp%2Fv2%2Fproduct_tag&post=7195"}],"curies":[{"name":"wp","href":"https:\/\/api.w.org\/{rel}","templated":true}]}}